{"id":164,"date":"2021-04-26T14:12:35","date_gmt":"2021-04-26T12:12:35","guid":{"rendered":"https:\/\/www.maisons-qualite.com\/association\/?page_id=164"},"modified":"2021-05-17T15:21:18","modified_gmt":"2021-05-17T13:21:18","slug":"lequipe","status":"publish","type":"page","link":"https:\/\/www.maisons-qualite.com\/association\/ecosysteme\/lequipe","title":{"rendered":"L&rsquo;\u00e9quipe de l&rsquo;Association"},"content":{"rendered":"","protected":false},"excerpt":{"rendered":"","protected":false},"author":1,"featured_media":0,"parent":20,"menu_order":0,"comment_status":"closed","ping_status":"closed","template":"tempates-pages\/equipe.php","meta":{"inline_featured_image":false,"footnotes":""},"class_list":["post-164","page","type-page","status-publish","hentry"],"acf":[],"yoast_head":"<!-- This site is optimized with the Yoast SEO plugin v23.4 - https:\/\/yoast.com\/wordpress\/plugins\/seo\/ -->\n<title>L&#039;\u00e9quipe pluridisciplinaire de l&#039;Association Maisons de Qualit\u00e9<\/title>\n<meta name=\"description\" content=\"L\u2019Association s\u2019appuie en interne sur une \u00e9quipe pluridisciplinaire. C\u2019est elle qui, aux c\u00f4t\u00e9s des adh\u00e9rents, agit pour mettre en \u0153uvre les projets.\" \/>\n<meta name=\"robots\" content=\"index, follow, max-snippet:-1, max-image-preview:large, max-video-preview:-1\" \/>\n<link rel=\"canonical\" href=\"https:\/\/www.maisons-qualite.com\/association\/ecosysteme\/lequipe\" \/>\n<meta property=\"og:locale\" content=\"fr_FR\" \/>\n<meta property=\"og:type\" content=\"article\" \/>\n<meta property=\"og:title\" content=\"L&#039;\u00e9quipe pluridisciplinaire de l&#039;Association Maisons de Qualit\u00e9\" \/>\n<meta property=\"og:description\" content=\"L\u2019Association s\u2019appuie en interne sur une \u00e9quipe pluridisciplinaire. C\u2019est elle qui, aux c\u00f4t\u00e9s des adh\u00e9rents, agit pour mettre en \u0153uvre les projets.\" \/>\n<meta property=\"og:url\" content=\"https:\/\/www.maisons-qualite.com\/association\/ecosysteme\/lequipe\" \/>\n<meta property=\"og:site_name\" content=\"Association Maisons de Qualit\u00e9\" \/>\n<meta property=\"article:modified_time\" content=\"2021-05-17T13:21:18+00:00\" \/>\n<meta name=\"twitter:card\" content=\"summary_large_image\" \/>\n<script type=\"application\/ld+json\" class=\"yoast-schema-graph\">{\"@context\":\"https:\/\/schema.org\",\"@graph\":[{\"@type\":\"WebPage\",\"@id\":\"https:\/\/www.maisons-qualite.com\/association\/ecosysteme\/lequipe\",\"url\":\"https:\/\/www.maisons-qualite.com\/association\/ecosysteme\/lequipe\",\"name\":\"L'\u00e9quipe pluridisciplinaire de l'Association Maisons de Qualit\u00e9\",\"isPartOf\":{\"@id\":\"https:\/\/www.maisons-qualite.com\/association\/#website\"},\"datePublished\":\"2021-04-26T12:12:35+00:00\",\"dateModified\":\"2021-05-17T13:21:18+00:00\",\"description\":\"L\u2019Association s\u2019appuie en interne sur une \u00e9quipe pluridisciplinaire. C\u2019est elle qui, aux c\u00f4t\u00e9s des adh\u00e9rents, agit pour mettre en \u0153uvre les projets.\",\"breadcrumb\":{\"@id\":\"https:\/\/www.maisons-qualite.com\/association\/ecosysteme\/lequipe#breadcrumb\"},\"inLanguage\":\"fr-FR\",\"potentialAction\":[{\"@type\":\"ReadAction\",\"target\":[\"https:\/\/www.maisons-qualite.com\/association\/ecosysteme\/lequipe\"]}]},{\"@type\":\"BreadcrumbList\",\"@id\":\"https:\/\/www.maisons-qualite.com\/association\/ecosysteme\/lequipe#breadcrumb\",\"itemListElement\":[{\"@type\":\"ListItem\",\"position\":1,\"name\":\"Accueil\",\"item\":\"https:\/\/www.maisons-qualite.com\/association\/\"},{\"@type\":\"ListItem\",\"position\":2,\"name\":\"Notre \u00e9cosyst\u00e8me engag\u00e9\",\"item\":\"https:\/\/www.maisons-qualite.com\/association\/ecosysteme\"},{\"@type\":\"ListItem\",\"position\":3,\"name\":\"L&rsquo;\u00e9quipe de l&rsquo;Association\"}]},{\"@type\":\"WebSite\",\"@id\":\"https:\/\/www.maisons-qualite.com\/association\/#website\",\"url\":\"https:\/\/www.maisons-qualite.com\/association\/\",\"name\":\"Association Maisons de Qualit\u00e9\",\"description\":\"Ensemble avec la Terre, notre seule Maison\",\"potentialAction\":[{\"@type\":\"SearchAction\",\"target\":{\"@type\":\"EntryPoint\",\"urlTemplate\":\"https:\/\/www.maisons-qualite.com\/association\/?s={search_term_string}\"},\"query-input\":{\"@type\":\"PropertyValueSpecification\",\"valueRequired\":true,\"valueName\":\"search_term_string\"}}],\"inLanguage\":\"fr-FR\"}]}<\/script>\n<!-- \/ Yoast SEO plugin. -->","yoast_head_json":{"title":"L'\u00e9quipe pluridisciplinaire de l'Association Maisons de Qualit\u00e9","description":"L\u2019Association s\u2019appuie en interne sur une \u00e9quipe pluridisciplinaire. C\u2019est elle qui, aux c\u00f4t\u00e9s des adh\u00e9rents, agit pour mettre en \u0153uvre les projets.","robots":{"index":"index","follow":"follow","max-snippet":"max-snippet:-1","max-image-preview":"max-image-preview:large","max-video-preview":"max-video-preview:-1"},"canonical":"https:\/\/www.maisons-qualite.com\/association\/ecosysteme\/lequipe","og_locale":"fr_FR","og_type":"article","og_title":"L'\u00e9quipe pluridisciplinaire de l'Association Maisons de Qualit\u00e9","og_description":"L\u2019Association s\u2019appuie en interne sur une \u00e9quipe pluridisciplinaire. C\u2019est elle qui, aux c\u00f4t\u00e9s des adh\u00e9rents, agit pour mettre en \u0153uvre les projets.","og_url":"https:\/\/www.maisons-qualite.com\/association\/ecosysteme\/lequipe","og_site_name":"Association Maisons de Qualit\u00e9","article_modified_time":"2021-05-17T13:21:18+00:00","twitter_card":"summary_large_image","schema":{"@context":"https:\/\/schema.org","@graph":[{"@type":"WebPage","@id":"https:\/\/www.maisons-qualite.com\/association\/ecosysteme\/lequipe","url":"https:\/\/www.maisons-qualite.com\/association\/ecosysteme\/lequipe","name":"L'\u00e9quipe pluridisciplinaire de l'Association Maisons de Qualit\u00e9","isPartOf":{"@id":"https:\/\/www.maisons-qualite.com\/association\/#website"},"datePublished":"2021-04-26T12:12:35+00:00","dateModified":"2021-05-17T13:21:18+00:00","description":"L\u2019Association s\u2019appuie en interne sur une \u00e9quipe pluridisciplinaire. C\u2019est elle qui, aux c\u00f4t\u00e9s des adh\u00e9rents, agit pour mettre en \u0153uvre les projets.","breadcrumb":{"@id":"https:\/\/www.maisons-qualite.com\/association\/ecosysteme\/lequipe#breadcrumb"},"inLanguage":"fr-FR","potentialAction":[{"@type":"ReadAction","target":["https:\/\/www.maisons-qualite.com\/association\/ecosysteme\/lequipe"]}]},{"@type":"BreadcrumbList","@id":"https:\/\/www.maisons-qualite.com\/association\/ecosysteme\/lequipe#breadcrumb","itemListElement":[{"@type":"ListItem","position":1,"name":"Accueil","item":"https:\/\/www.maisons-qualite.com\/association\/"},{"@type":"ListItem","position":2,"name":"Notre \u00e9cosyst\u00e8me engag\u00e9","item":"https:\/\/www.maisons-qualite.com\/association\/ecosysteme"},{"@type":"ListItem","position":3,"name":"L&rsquo;\u00e9quipe de l&rsquo;Association"}]},{"@type":"WebSite","@id":"https:\/\/www.maisons-qualite.com\/association\/#website","url":"https:\/\/www.maisons-qualite.com\/association\/","name":"Association Maisons de Qualit\u00e9","description":"Ensemble avec la Terre, notre seule Maison","potentialAction":[{"@type":"SearchAction","target":{"@type":"EntryPoint","urlTemplate":"https:\/\/www.maisons-qualite.com\/association\/?s={search_term_string}"},"query-input":{"@type":"PropertyValueSpecification","valueRequired":true,"valueName":"search_term_string"}}],"inLanguage":"fr-FR"}]}},"_links":{"self":[{"href":"https:\/\/www.maisons-qualite.com\/association\/wp-json\/wp\/v2\/pages\/164","targetHints":{"allow":["GET"]}}],"collection":[{"href":"https:\/\/www.maisons-qualite.com\/association\/wp-json\/wp\/v2\/pages"}],"about":[{"href":"https:\/\/www.maisons-qualite.com\/association\/wp-json\/wp\/v2\/types\/page"}],"author":[{"embeddable":true,"href":"https:\/\/www.maisons-qualite.com\/association\/wp-json\/wp\/v2\/users\/1"}],"replies":[{"embeddable":true,"href":"https:\/\/www.maisons-qualite.com\/association\/wp-json\/wp\/v2\/comments?post=164"}],"version-history":[{"count":2,"href":"https:\/\/www.maisons-qualite.com\/association\/wp-json\/wp\/v2\/pages\/164\/revisions"}],"predecessor-version":[{"id":246,"href":"https:\/\/www.maisons-qualite.com\/association\/wp-json\/wp\/v2\/pages\/164\/revisions\/246"}],"up":[{"embeddable":true,"href":"https:\/\/www.maisons-qualite.com\/association\/wp-json\/wp\/v2\/pages\/20"}],"wp:attachment":[{"href":"https:\/\/www.maisons-qualite.com\/association\/wp-json\/wp\/v2\/media?parent=164"}],"curies":[{"name":"wp","href":"https:\/\/api.w.org\/{rel}","templated":true}]}}