{"id":18,"date":"2021-04-21T11:56:04","date_gmt":"2021-04-21T09:56:04","guid":{"rendered":"https:\/\/www.maisons-qualite.com\/association\/?page_id=18"},"modified":"2022-09-29T16:12:27","modified_gmt":"2022-09-29T14:12:27","slug":"metiers","status":"publish","type":"page","link":"https:\/\/www.maisons-qualite.com\/association\/metiers","title":{"rendered":"M\u00e9tiers"},"content":{"rendered":"","protected":false},"excerpt":{"rendered":"","protected":false},"author":1,"featured_media":0,"parent":0,"menu_order":0,"comment_status":"closed","ping_status":"closed","template":"tempates-pages\/metiers.php","meta":{"inline_featured_image":false,"footnotes":""},"class_list":["post-18","page","type-page","status-publish","hentry"],"acf":[],"yoast_head":"<!-- This site is optimized with the Yoast SEO plugin v23.4 - https:\/\/yoast.com\/wordpress\/plugins\/seo\/ -->\n<title>Les m\u00e9tiers de l&#039;Association Maisons de Qualit\u00e9 - Labelliser, \u00c9valuer...<\/title>\n<meta name=\"description\" content=\"Les m\u00e9tiers de l&#039;Association Maisons de Qualit\u00e9 : Labelliser, \u00c9valuer et faire progresser, Former, Informer et sensibiliser\" \/>\n<meta name=\"robots\" content=\"index, follow, max-snippet:-1, max-image-preview:large, max-video-preview:-1\" \/>\n<link rel=\"canonical\" href=\"https:\/\/www.maisons-qualite.com\/association\/metiers\" \/>\n<meta property=\"og:locale\" content=\"fr_FR\" \/>\n<meta property=\"og:type\" content=\"article\" \/>\n<meta property=\"og:title\" content=\"Les m\u00e9tiers de l&#039;Association Maisons de Qualit\u00e9 - Labelliser, \u00c9valuer...\" \/>\n<meta property=\"og:description\" content=\"Les m\u00e9tiers de l&#039;Association Maisons de Qualit\u00e9 : Labelliser, \u00c9valuer et faire progresser, Former, Informer et sensibiliser\" \/>\n<meta property=\"og:url\" content=\"https:\/\/www.maisons-qualite.com\/association\/metiers\" \/>\n<meta property=\"og:site_name\" content=\"Association Maisons de Qualit\u00e9\" \/>\n<meta property=\"article:modified_time\" content=\"2022-09-29T14:12:27+00:00\" \/>\n<meta name=\"twitter:card\" content=\"summary_large_image\" \/>\n<script type=\"application\/ld+json\" class=\"yoast-schema-graph\">{\"@context\":\"https:\/\/schema.org\",\"@graph\":[{\"@type\":\"WebPage\",\"@id\":\"https:\/\/www.maisons-qualite.com\/association\/metiers\",\"url\":\"https:\/\/www.maisons-qualite.com\/association\/metiers\",\"name\":\"Les m\u00e9tiers de l'Association Maisons de Qualit\u00e9 - Labelliser, \u00c9valuer...\",\"isPartOf\":{\"@id\":\"https:\/\/www.maisons-qualite.com\/association\/#website\"},\"datePublished\":\"2021-04-21T09:56:04+00:00\",\"dateModified\":\"2022-09-29T14:12:27+00:00\",\"description\":\"Les m\u00e9tiers de l'Association Maisons de Qualit\u00e9 : Labelliser, \u00c9valuer et faire progresser, Former, Informer et sensibiliser\",\"breadcrumb\":{\"@id\":\"https:\/\/www.maisons-qualite.com\/association\/metiers#breadcrumb\"},\"inLanguage\":\"fr-FR\",\"potentialAction\":[{\"@type\":\"ReadAction\",\"target\":[\"https:\/\/www.maisons-qualite.com\/association\/metiers\"]}]},{\"@type\":\"BreadcrumbList\",\"@id\":\"https:\/\/www.maisons-qualite.com\/association\/metiers#breadcrumb\",\"itemListElement\":[{\"@type\":\"ListItem\",\"position\":1,\"name\":\"Accueil\",\"item\":\"https:\/\/www.maisons-qualite.com\/association\/\"},{\"@type\":\"ListItem\",\"position\":2,\"name\":\"M\u00e9tiers\"}]},{\"@type\":\"WebSite\",\"@id\":\"https:\/\/www.maisons-qualite.com\/association\/#website\",\"url\":\"https:\/\/www.maisons-qualite.com\/association\/\",\"name\":\"Association Maisons de Qualit\u00e9\",\"description\":\"Ensemble avec la Terre, notre seule Maison\",\"potentialAction\":[{\"@type\":\"SearchAction\",\"target\":{\"@type\":\"EntryPoint\",\"urlTemplate\":\"https:\/\/www.maisons-qualite.com\/association\/?s={search_term_string}\"},\"query-input\":{\"@type\":\"PropertyValueSpecification\",\"valueRequired\":true,\"valueName\":\"search_term_string\"}}],\"inLanguage\":\"fr-FR\"}]}<\/script>\n<!-- \/ Yoast SEO plugin. -->","yoast_head_json":{"title":"Les m\u00e9tiers de l'Association Maisons de Qualit\u00e9 - Labelliser, \u00c9valuer...","description":"Les m\u00e9tiers de l'Association Maisons de Qualit\u00e9 : Labelliser, \u00c9valuer et faire progresser, Former, Informer et sensibiliser","robots":{"index":"index","follow":"follow","max-snippet":"max-snippet:-1","max-image-preview":"max-image-preview:large","max-video-preview":"max-video-preview:-1"},"canonical":"https:\/\/www.maisons-qualite.com\/association\/metiers","og_locale":"fr_FR","og_type":"article","og_title":"Les m\u00e9tiers de l'Association Maisons de Qualit\u00e9 - Labelliser, \u00c9valuer...","og_description":"Les m\u00e9tiers de l'Association Maisons de Qualit\u00e9 : Labelliser, \u00c9valuer et faire progresser, Former, Informer et sensibiliser","og_url":"https:\/\/www.maisons-qualite.com\/association\/metiers","og_site_name":"Association Maisons de Qualit\u00e9","article_modified_time":"2022-09-29T14:12:27+00:00","twitter_card":"summary_large_image","schema":{"@context":"https:\/\/schema.org","@graph":[{"@type":"WebPage","@id":"https:\/\/www.maisons-qualite.com\/association\/metiers","url":"https:\/\/www.maisons-qualite.com\/association\/metiers","name":"Les m\u00e9tiers de l'Association Maisons de Qualit\u00e9 - Labelliser, \u00c9valuer...","isPartOf":{"@id":"https:\/\/www.maisons-qualite.com\/association\/#website"},"datePublished":"2021-04-21T09:56:04+00:00","dateModified":"2022-09-29T14:12:27+00:00","description":"Les m\u00e9tiers de l'Association Maisons de Qualit\u00e9 : Labelliser, \u00c9valuer et faire progresser, Former, Informer et sensibiliser","breadcrumb":{"@id":"https:\/\/www.maisons-qualite.com\/association\/metiers#breadcrumb"},"inLanguage":"fr-FR","potentialAction":[{"@type":"ReadAction","target":["https:\/\/www.maisons-qualite.com\/association\/metiers"]}]},{"@type":"BreadcrumbList","@id":"https:\/\/www.maisons-qualite.com\/association\/metiers#breadcrumb","itemListElement":[{"@type":"ListItem","position":1,"name":"Accueil","item":"https:\/\/www.maisons-qualite.com\/association\/"},{"@type":"ListItem","position":2,"name":"M\u00e9tiers"}]},{"@type":"WebSite","@id":"https:\/\/www.maisons-qualite.com\/association\/#website","url":"https:\/\/www.maisons-qualite.com\/association\/","name":"Association Maisons de Qualit\u00e9","description":"Ensemble avec la Terre, notre seule Maison","potentialAction":[{"@type":"SearchAction","target":{"@type":"EntryPoint","urlTemplate":"https:\/\/www.maisons-qualite.com\/association\/?s={search_term_string}"},"query-input":{"@type":"PropertyValueSpecification","valueRequired":true,"valueName":"search_term_string"}}],"inLanguage":"fr-FR"}]}},"_links":{"self":[{"href":"https:\/\/www.maisons-qualite.com\/association\/wp-json\/wp\/v2\/pages\/18","targetHints":{"allow":["GET"]}}],"collection":[{"href":"https:\/\/www.maisons-qualite.com\/association\/wp-json\/wp\/v2\/pages"}],"about":[{"href":"https:\/\/www.maisons-qualite.com\/association\/wp-json\/wp\/v2\/types\/page"}],"author":[{"embeddable":true,"href":"https:\/\/www.maisons-qualite.com\/association\/wp-json\/wp\/v2\/users\/1"}],"replies":[{"embeddable":true,"href":"https:\/\/www.maisons-qualite.com\/association\/wp-json\/wp\/v2\/comments?post=18"}],"version-history":[{"count":83,"href":"https:\/\/www.maisons-qualite.com\/association\/wp-json\/wp\/v2\/pages\/18\/revisions"}],"predecessor-version":[{"id":1364,"href":"https:\/\/www.maisons-qualite.com\/association\/wp-json\/wp\/v2\/pages\/18\/revisions\/1364"}],"wp:attachment":[{"href":"https:\/\/www.maisons-qualite.com\/association\/wp-json\/wp\/v2\/media?parent=18"}],"curies":[{"name":"wp","href":"https:\/\/api.w.org\/{rel}","templated":true}]}}