{"id":20,"date":"2021-04-21T11:56:24","date_gmt":"2021-04-21T09:56:24","guid":{"rendered":"https:\/\/www.maisons-qualite.com\/association\/?page_id=20"},"modified":"2021-06-03T16:10:55","modified_gmt":"2021-06-03T14:10:55","slug":"ecosysteme","status":"publish","type":"page","link":"https:\/\/www.maisons-qualite.com\/association\/ecosysteme","title":{"rendered":"Notre \u00e9cosyst\u00e8me engag\u00e9"},"content":{"rendered":"","protected":false},"excerpt":{"rendered":"","protected":false},"author":1,"featured_media":0,"parent":0,"menu_order":0,"comment_status":"closed","ping_status":"closed","template":"tempates-pages\/ecosysteme.php","meta":{"inline_featured_image":false,"footnotes":""},"class_list":["post-20","page","type-page","status-publish","hentry"],"acf":[],"yoast_head":"<!-- This site is optimized with the Yoast SEO plugin v23.4 - https:\/\/yoast.com\/wordpress\/plugins\/seo\/ -->\n<title>L&#039;\u00e9cosyst\u00e8me engag\u00e9 de l&#039;Association Maisons de Qualit\u00e9<\/title>\n<meta name=\"description\" content=\"Les parties-prenantes de l&#039;Association : Les Associations Familiales et de Consommateurs, les Constructeurs de Maisons Individuelles, une \u00e9quipe pluridisciplinaire\" \/>\n<meta name=\"robots\" content=\"index, follow, max-snippet:-1, max-image-preview:large, max-video-preview:-1\" \/>\n<link rel=\"canonical\" href=\"https:\/\/www.maisons-qualite.com\/association\/ecosysteme\" \/>\n<meta property=\"og:locale\" content=\"fr_FR\" \/>\n<meta property=\"og:type\" content=\"article\" \/>\n<meta property=\"og:title\" content=\"L&#039;\u00e9cosyst\u00e8me engag\u00e9 de l&#039;Association Maisons de Qualit\u00e9\" \/>\n<meta property=\"og:description\" content=\"Les parties-prenantes de l&#039;Association : Les Associations Familiales et de Consommateurs, les Constructeurs de Maisons Individuelles, une \u00e9quipe pluridisciplinaire\" \/>\n<meta property=\"og:url\" content=\"https:\/\/www.maisons-qualite.com\/association\/ecosysteme\" \/>\n<meta property=\"og:site_name\" content=\"Association Maisons de Qualit\u00e9\" \/>\n<meta property=\"article:modified_time\" content=\"2021-06-03T14:10:55+00:00\" \/>\n<meta name=\"twitter:card\" content=\"summary_large_image\" \/>\n<script type=\"application\/ld+json\" class=\"yoast-schema-graph\">{\"@context\":\"https:\/\/schema.org\",\"@graph\":[{\"@type\":\"WebPage\",\"@id\":\"https:\/\/www.maisons-qualite.com\/association\/ecosysteme\",\"url\":\"https:\/\/www.maisons-qualite.com\/association\/ecosysteme\",\"name\":\"L'\u00e9cosyst\u00e8me engag\u00e9 de l'Association Maisons de Qualit\u00e9\",\"isPartOf\":{\"@id\":\"https:\/\/www.maisons-qualite.com\/association\/#website\"},\"datePublished\":\"2021-04-21T09:56:24+00:00\",\"dateModified\":\"2021-06-03T14:10:55+00:00\",\"description\":\"Les parties-prenantes de l'Association : Les Associations Familiales et de Consommateurs, les Constructeurs de Maisons Individuelles, une \u00e9quipe pluridisciplinaire\",\"breadcrumb\":{\"@id\":\"https:\/\/www.maisons-qualite.com\/association\/ecosysteme#breadcrumb\"},\"inLanguage\":\"fr-FR\",\"potentialAction\":[{\"@type\":\"ReadAction\",\"target\":[\"https:\/\/www.maisons-qualite.com\/association\/ecosysteme\"]}]},{\"@type\":\"BreadcrumbList\",\"@id\":\"https:\/\/www.maisons-qualite.com\/association\/ecosysteme#breadcrumb\",\"itemListElement\":[{\"@type\":\"ListItem\",\"position\":1,\"name\":\"Accueil\",\"item\":\"https:\/\/www.maisons-qualite.com\/association\/\"},{\"@type\":\"ListItem\",\"position\":2,\"name\":\"Notre \u00e9cosyst\u00e8me engag\u00e9\"}]},{\"@type\":\"WebSite\",\"@id\":\"https:\/\/www.maisons-qualite.com\/association\/#website\",\"url\":\"https:\/\/www.maisons-qualite.com\/association\/\",\"name\":\"Association Maisons de Qualit\u00e9\",\"description\":\"Ensemble avec la Terre, notre seule Maison\",\"potentialAction\":[{\"@type\":\"SearchAction\",\"target\":{\"@type\":\"EntryPoint\",\"urlTemplate\":\"https:\/\/www.maisons-qualite.com\/association\/?s={search_term_string}\"},\"query-input\":{\"@type\":\"PropertyValueSpecification\",\"valueRequired\":true,\"valueName\":\"search_term_string\"}}],\"inLanguage\":\"fr-FR\"}]}<\/script>\n<!-- \/ Yoast SEO plugin. -->","yoast_head_json":{"title":"L'\u00e9cosyst\u00e8me engag\u00e9 de l'Association Maisons de Qualit\u00e9","description":"Les parties-prenantes de l'Association : Les Associations Familiales et de Consommateurs, les Constructeurs de Maisons Individuelles, une \u00e9quipe pluridisciplinaire","robots":{"index":"index","follow":"follow","max-snippet":"max-snippet:-1","max-image-preview":"max-image-preview:large","max-video-preview":"max-video-preview:-1"},"canonical":"https:\/\/www.maisons-qualite.com\/association\/ecosysteme","og_locale":"fr_FR","og_type":"article","og_title":"L'\u00e9cosyst\u00e8me engag\u00e9 de l'Association Maisons de Qualit\u00e9","og_description":"Les parties-prenantes de l'Association : Les Associations Familiales et de Consommateurs, les Constructeurs de Maisons Individuelles, une \u00e9quipe pluridisciplinaire","og_url":"https:\/\/www.maisons-qualite.com\/association\/ecosysteme","og_site_name":"Association Maisons de Qualit\u00e9","article_modified_time":"2021-06-03T14:10:55+00:00","twitter_card":"summary_large_image","schema":{"@context":"https:\/\/schema.org","@graph":[{"@type":"WebPage","@id":"https:\/\/www.maisons-qualite.com\/association\/ecosysteme","url":"https:\/\/www.maisons-qualite.com\/association\/ecosysteme","name":"L'\u00e9cosyst\u00e8me engag\u00e9 de l'Association Maisons de Qualit\u00e9","isPartOf":{"@id":"https:\/\/www.maisons-qualite.com\/association\/#website"},"datePublished":"2021-04-21T09:56:24+00:00","dateModified":"2021-06-03T14:10:55+00:00","description":"Les parties-prenantes de l'Association : Les Associations Familiales et de Consommateurs, les Constructeurs de Maisons Individuelles, une \u00e9quipe pluridisciplinaire","breadcrumb":{"@id":"https:\/\/www.maisons-qualite.com\/association\/ecosysteme#breadcrumb"},"inLanguage":"fr-FR","potentialAction":[{"@type":"ReadAction","target":["https:\/\/www.maisons-qualite.com\/association\/ecosysteme"]}]},{"@type":"BreadcrumbList","@id":"https:\/\/www.maisons-qualite.com\/association\/ecosysteme#breadcrumb","itemListElement":[{"@type":"ListItem","position":1,"name":"Accueil","item":"https:\/\/www.maisons-qualite.com\/association\/"},{"@type":"ListItem","position":2,"name":"Notre \u00e9cosyst\u00e8me engag\u00e9"}]},{"@type":"WebSite","@id":"https:\/\/www.maisons-qualite.com\/association\/#website","url":"https:\/\/www.maisons-qualite.com\/association\/","name":"Association Maisons de Qualit\u00e9","description":"Ensemble avec la Terre, notre seule Maison","potentialAction":[{"@type":"SearchAction","target":{"@type":"EntryPoint","urlTemplate":"https:\/\/www.maisons-qualite.com\/association\/?s={search_term_string}"},"query-input":{"@type":"PropertyValueSpecification","valueRequired":true,"valueName":"search_term_string"}}],"inLanguage":"fr-FR"}]}},"_links":{"self":[{"href":"https:\/\/www.maisons-qualite.com\/association\/wp-json\/wp\/v2\/pages\/20","targetHints":{"allow":["GET"]}}],"collection":[{"href":"https:\/\/www.maisons-qualite.com\/association\/wp-json\/wp\/v2\/pages"}],"about":[{"href":"https:\/\/www.maisons-qualite.com\/association\/wp-json\/wp\/v2\/types\/page"}],"author":[{"embeddable":true,"href":"https:\/\/www.maisons-qualite.com\/association\/wp-json\/wp\/v2\/users\/1"}],"replies":[{"embeddable":true,"href":"https:\/\/www.maisons-qualite.com\/association\/wp-json\/wp\/v2\/comments?post=20"}],"version-history":[{"count":34,"href":"https:\/\/www.maisons-qualite.com\/association\/wp-json\/wp\/v2\/pages\/20\/revisions"}],"predecessor-version":[{"id":861,"href":"https:\/\/www.maisons-qualite.com\/association\/wp-json\/wp\/v2\/pages\/20\/revisions\/861"}],"wp:attachment":[{"href":"https:\/\/www.maisons-qualite.com\/association\/wp-json\/wp\/v2\/media?parent=20"}],"curies":[{"name":"wp","href":"https:\/\/api.w.org\/{rel}","templated":true}]}}