{"id":301,"date":"2021-04-27T09:57:16","date_gmt":"2021-04-27T07:57:16","guid":{"rendered":"https:\/\/www.maisons-qualite.com\/association\/?page_id=301"},"modified":"2024-06-14T11:49:37","modified_gmt":"2024-06-14T09:49:37","slug":"la-vie-de-lecosysteme","status":"publish","type":"page","link":"https:\/\/www.maisons-qualite.com\/association\/ecosysteme\/la-vie-de-lecosysteme","title":{"rendered":"La vie de l&rsquo;\u00e9cosyst\u00e8me"},"content":{"rendered":"","protected":false},"excerpt":{"rendered":"","protected":false},"author":1,"featured_media":0,"parent":20,"menu_order":0,"comment_status":"closed","ping_status":"closed","template":"tempates-pages\/vie-ecosysteme.php","meta":{"inline_featured_image":false,"footnotes":""},"class_list":["post-301","page","type-page","status-publish","hentry"],"acf":[],"yoast_head":"<!-- This site is optimized with the Yoast SEO plugin v23.4 - https:\/\/yoast.com\/wordpress\/plugins\/seo\/ -->\n<title>La vie de l&#039;\u00e9cosyst\u00e8me - Association Maisons de Qualit\u00e9<\/title>\n<meta name=\"robots\" content=\"index, follow, max-snippet:-1, max-image-preview:large, max-video-preview:-1\" \/>\n<link rel=\"canonical\" href=\"https:\/\/www.maisons-qualite.com\/association\/ecosysteme\/la-vie-de-lecosysteme\" \/>\n<meta property=\"og:locale\" content=\"fr_FR\" \/>\n<meta property=\"og:type\" content=\"article\" \/>\n<meta property=\"og:title\" content=\"La vie de l&#039;\u00e9cosyst\u00e8me - Association Maisons de Qualit\u00e9\" \/>\n<meta property=\"og:url\" content=\"https:\/\/www.maisons-qualite.com\/association\/ecosysteme\/la-vie-de-lecosysteme\" \/>\n<meta property=\"og:site_name\" content=\"Association Maisons de Qualit\u00e9\" \/>\n<meta property=\"article:modified_time\" content=\"2024-06-14T09:49:37+00:00\" \/>\n<meta name=\"twitter:card\" content=\"summary_large_image\" \/>\n<script type=\"application\/ld+json\" class=\"yoast-schema-graph\">{\"@context\":\"https:\/\/schema.org\",\"@graph\":[{\"@type\":\"WebPage\",\"@id\":\"https:\/\/www.maisons-qualite.com\/association\/ecosysteme\/la-vie-de-lecosysteme\",\"url\":\"https:\/\/www.maisons-qualite.com\/association\/ecosysteme\/la-vie-de-lecosysteme\",\"name\":\"La vie de l'\u00e9cosyst\u00e8me - Association Maisons de Qualit\u00e9\",\"isPartOf\":{\"@id\":\"https:\/\/www.maisons-qualite.com\/association\/#website\"},\"datePublished\":\"2021-04-27T07:57:16+00:00\",\"dateModified\":\"2024-06-14T09:49:37+00:00\",\"breadcrumb\":{\"@id\":\"https:\/\/www.maisons-qualite.com\/association\/ecosysteme\/la-vie-de-lecosysteme#breadcrumb\"},\"inLanguage\":\"fr-FR\",\"potentialAction\":[{\"@type\":\"ReadAction\",\"target\":[\"https:\/\/www.maisons-qualite.com\/association\/ecosysteme\/la-vie-de-lecosysteme\"]}]},{\"@type\":\"BreadcrumbList\",\"@id\":\"https:\/\/www.maisons-qualite.com\/association\/ecosysteme\/la-vie-de-lecosysteme#breadcrumb\",\"itemListElement\":[{\"@type\":\"ListItem\",\"position\":1,\"name\":\"Accueil\",\"item\":\"https:\/\/www.maisons-qualite.com\/association\/\"},{\"@type\":\"ListItem\",\"position\":2,\"name\":\"Notre \u00e9cosyst\u00e8me engag\u00e9\",\"item\":\"https:\/\/www.maisons-qualite.com\/association\/ecosysteme\"},{\"@type\":\"ListItem\",\"position\":3,\"name\":\"La vie de l&rsquo;\u00e9cosyst\u00e8me\"}]},{\"@type\":\"WebSite\",\"@id\":\"https:\/\/www.maisons-qualite.com\/association\/#website\",\"url\":\"https:\/\/www.maisons-qualite.com\/association\/\",\"name\":\"Association Maisons de Qualit\u00e9\",\"description\":\"Ensemble avec la Terre, notre seule Maison\",\"potentialAction\":[{\"@type\":\"SearchAction\",\"target\":{\"@type\":\"EntryPoint\",\"urlTemplate\":\"https:\/\/www.maisons-qualite.com\/association\/?s={search_term_string}\"},\"query-input\":{\"@type\":\"PropertyValueSpecification\",\"valueRequired\":true,\"valueName\":\"search_term_string\"}}],\"inLanguage\":\"fr-FR\"}]}<\/script>\n<!-- \/ Yoast SEO plugin. -->","yoast_head_json":{"title":"La vie de l'\u00e9cosyst\u00e8me - Association Maisons de Qualit\u00e9","robots":{"index":"index","follow":"follow","max-snippet":"max-snippet:-1","max-image-preview":"max-image-preview:large","max-video-preview":"max-video-preview:-1"},"canonical":"https:\/\/www.maisons-qualite.com\/association\/ecosysteme\/la-vie-de-lecosysteme","og_locale":"fr_FR","og_type":"article","og_title":"La vie de l'\u00e9cosyst\u00e8me - Association Maisons de Qualit\u00e9","og_url":"https:\/\/www.maisons-qualite.com\/association\/ecosysteme\/la-vie-de-lecosysteme","og_site_name":"Association Maisons de Qualit\u00e9","article_modified_time":"2024-06-14T09:49:37+00:00","twitter_card":"summary_large_image","schema":{"@context":"https:\/\/schema.org","@graph":[{"@type":"WebPage","@id":"https:\/\/www.maisons-qualite.com\/association\/ecosysteme\/la-vie-de-lecosysteme","url":"https:\/\/www.maisons-qualite.com\/association\/ecosysteme\/la-vie-de-lecosysteme","name":"La vie de l'\u00e9cosyst\u00e8me - Association Maisons de Qualit\u00e9","isPartOf":{"@id":"https:\/\/www.maisons-qualite.com\/association\/#website"},"datePublished":"2021-04-27T07:57:16+00:00","dateModified":"2024-06-14T09:49:37+00:00","breadcrumb":{"@id":"https:\/\/www.maisons-qualite.com\/association\/ecosysteme\/la-vie-de-lecosysteme#breadcrumb"},"inLanguage":"fr-FR","potentialAction":[{"@type":"ReadAction","target":["https:\/\/www.maisons-qualite.com\/association\/ecosysteme\/la-vie-de-lecosysteme"]}]},{"@type":"BreadcrumbList","@id":"https:\/\/www.maisons-qualite.com\/association\/ecosysteme\/la-vie-de-lecosysteme#breadcrumb","itemListElement":[{"@type":"ListItem","position":1,"name":"Accueil","item":"https:\/\/www.maisons-qualite.com\/association\/"},{"@type":"ListItem","position":2,"name":"Notre \u00e9cosyst\u00e8me engag\u00e9","item":"https:\/\/www.maisons-qualite.com\/association\/ecosysteme"},{"@type":"ListItem","position":3,"name":"La vie de l&rsquo;\u00e9cosyst\u00e8me"}]},{"@type":"WebSite","@id":"https:\/\/www.maisons-qualite.com\/association\/#website","url":"https:\/\/www.maisons-qualite.com\/association\/","name":"Association Maisons de Qualit\u00e9","description":"Ensemble avec la Terre, notre seule Maison","potentialAction":[{"@type":"SearchAction","target":{"@type":"EntryPoint","urlTemplate":"https:\/\/www.maisons-qualite.com\/association\/?s={search_term_string}"},"query-input":{"@type":"PropertyValueSpecification","valueRequired":true,"valueName":"search_term_string"}}],"inLanguage":"fr-FR"}]}},"_links":{"self":[{"href":"https:\/\/www.maisons-qualite.com\/association\/wp-json\/wp\/v2\/pages\/301","targetHints":{"allow":["GET"]}}],"collection":[{"href":"https:\/\/www.maisons-qualite.com\/association\/wp-json\/wp\/v2\/pages"}],"about":[{"href":"https:\/\/www.maisons-qualite.com\/association\/wp-json\/wp\/v2\/types\/page"}],"author":[{"embeddable":true,"href":"https:\/\/www.maisons-qualite.com\/association\/wp-json\/wp\/v2\/users\/1"}],"replies":[{"embeddable":true,"href":"https:\/\/www.maisons-qualite.com\/association\/wp-json\/wp\/v2\/comments?post=301"}],"version-history":[{"count":80,"href":"https:\/\/www.maisons-qualite.com\/association\/wp-json\/wp\/v2\/pages\/301\/revisions"}],"predecessor-version":[{"id":1521,"href":"https:\/\/www.maisons-qualite.com\/association\/wp-json\/wp\/v2\/pages\/301\/revisions\/1521"}],"up":[{"embeddable":true,"href":"https:\/\/www.maisons-qualite.com\/association\/wp-json\/wp\/v2\/pages\/20"}],"wp:attachment":[{"href":"https:\/\/www.maisons-qualite.com\/association\/wp-json\/wp\/v2\/media?parent=301"}],"curies":[{"name":"wp","href":"https:\/\/api.w.org\/{rel}","templated":true}]}}