{"id":630,"date":"2021-04-29T14:17:28","date_gmt":"2021-04-29T12:17:28","guid":{"rendered":"https:\/\/www.maisons-qualite.com\/association\/?page_id=630"},"modified":"2021-05-17T15:19:44","modified_gmt":"2021-05-17T13:19:44","slug":"partenaires","status":"publish","type":"page","link":"https:\/\/www.maisons-qualite.com\/association\/partenaires","title":{"rendered":"Nos partenaires engag\u00e9s"},"content":{"rendered":"","protected":false},"excerpt":{"rendered":"","protected":false},"author":2,"featured_media":0,"parent":0,"menu_order":0,"comment_status":"closed","ping_status":"closed","template":"tempates-pages\/partenaires.php","meta":{"inline_featured_image":false,"footnotes":""},"class_list":["post-630","page","type-page","status-publish","hentry"],"acf":[],"yoast_head":"<!-- This site is optimized with the Yoast SEO plugin v23.4 - https:\/\/yoast.com\/wordpress\/plugins\/seo\/ -->\n<title>Les partenaires engag\u00e9s de l&#039;Association Maisons de Qualit\u00e9<\/title>\n<meta name=\"description\" content=\"Les partenaires publics et priv\u00e9s apportent leur expertise, leurs innovations et leur soutien financier \u00e0 l\u2019Association. Ils partagent et soutiennent la vision soci\u00e9tale de l\u2019Association et contribuent \u00e0 l\u2019animation de son \u00e9cosyst\u00e8me.\" \/>\n<meta name=\"robots\" content=\"index, follow, max-snippet:-1, max-image-preview:large, max-video-preview:-1\" \/>\n<link rel=\"canonical\" href=\"https:\/\/www.maisons-qualite.com\/association\/partenaires\" \/>\n<meta property=\"og:locale\" content=\"fr_FR\" \/>\n<meta property=\"og:type\" content=\"article\" \/>\n<meta property=\"og:title\" content=\"Les partenaires engag\u00e9s de l&#039;Association Maisons de Qualit\u00e9\" \/>\n<meta property=\"og:description\" content=\"Les partenaires publics et priv\u00e9s apportent leur expertise, leurs innovations et leur soutien financier \u00e0 l\u2019Association. Ils partagent et soutiennent la vision soci\u00e9tale de l\u2019Association et contribuent \u00e0 l\u2019animation de son \u00e9cosyst\u00e8me.\" \/>\n<meta property=\"og:url\" content=\"https:\/\/www.maisons-qualite.com\/association\/partenaires\" \/>\n<meta property=\"og:site_name\" content=\"Association Maisons de Qualit\u00e9\" \/>\n<meta property=\"article:modified_time\" content=\"2021-05-17T13:19:44+00:00\" \/>\n<meta name=\"twitter:card\" content=\"summary_large_image\" \/>\n<script type=\"application\/ld+json\" class=\"yoast-schema-graph\">{\"@context\":\"https:\/\/schema.org\",\"@graph\":[{\"@type\":\"WebPage\",\"@id\":\"https:\/\/www.maisons-qualite.com\/association\/partenaires\",\"url\":\"https:\/\/www.maisons-qualite.com\/association\/partenaires\",\"name\":\"Les partenaires engag\u00e9s de l'Association Maisons de Qualit\u00e9\",\"isPartOf\":{\"@id\":\"https:\/\/www.maisons-qualite.com\/association\/#website\"},\"datePublished\":\"2021-04-29T12:17:28+00:00\",\"dateModified\":\"2021-05-17T13:19:44+00:00\",\"description\":\"Les partenaires publics et priv\u00e9s apportent leur expertise, leurs innovations et leur soutien financier \u00e0 l\u2019Association. Ils partagent et soutiennent la vision soci\u00e9tale de l\u2019Association et contribuent \u00e0 l\u2019animation de son \u00e9cosyst\u00e8me.\",\"breadcrumb\":{\"@id\":\"https:\/\/www.maisons-qualite.com\/association\/partenaires#breadcrumb\"},\"inLanguage\":\"fr-FR\",\"potentialAction\":[{\"@type\":\"ReadAction\",\"target\":[\"https:\/\/www.maisons-qualite.com\/association\/partenaires\"]}]},{\"@type\":\"BreadcrumbList\",\"@id\":\"https:\/\/www.maisons-qualite.com\/association\/partenaires#breadcrumb\",\"itemListElement\":[{\"@type\":\"ListItem\",\"position\":1,\"name\":\"Accueil\",\"item\":\"https:\/\/www.maisons-qualite.com\/association\/\"},{\"@type\":\"ListItem\",\"position\":2,\"name\":\"Nos partenaires engag\u00e9s\"}]},{\"@type\":\"WebSite\",\"@id\":\"https:\/\/www.maisons-qualite.com\/association\/#website\",\"url\":\"https:\/\/www.maisons-qualite.com\/association\/\",\"name\":\"Association Maisons de Qualit\u00e9\",\"description\":\"Ensemble avec la Terre, notre seule Maison\",\"potentialAction\":[{\"@type\":\"SearchAction\",\"target\":{\"@type\":\"EntryPoint\",\"urlTemplate\":\"https:\/\/www.maisons-qualite.com\/association\/?s={search_term_string}\"},\"query-input\":{\"@type\":\"PropertyValueSpecification\",\"valueRequired\":true,\"valueName\":\"search_term_string\"}}],\"inLanguage\":\"fr-FR\"}]}<\/script>\n<!-- \/ Yoast SEO plugin. -->","yoast_head_json":{"title":"Les partenaires engag\u00e9s de l'Association Maisons de Qualit\u00e9","description":"Les partenaires publics et priv\u00e9s apportent leur expertise, leurs innovations et leur soutien financier \u00e0 l\u2019Association. Ils partagent et soutiennent la vision soci\u00e9tale de l\u2019Association et contribuent \u00e0 l\u2019animation de son \u00e9cosyst\u00e8me.","robots":{"index":"index","follow":"follow","max-snippet":"max-snippet:-1","max-image-preview":"max-image-preview:large","max-video-preview":"max-video-preview:-1"},"canonical":"https:\/\/www.maisons-qualite.com\/association\/partenaires","og_locale":"fr_FR","og_type":"article","og_title":"Les partenaires engag\u00e9s de l'Association Maisons de Qualit\u00e9","og_description":"Les partenaires publics et priv\u00e9s apportent leur expertise, leurs innovations et leur soutien financier \u00e0 l\u2019Association. Ils partagent et soutiennent la vision soci\u00e9tale de l\u2019Association et contribuent \u00e0 l\u2019animation de son \u00e9cosyst\u00e8me.","og_url":"https:\/\/www.maisons-qualite.com\/association\/partenaires","og_site_name":"Association Maisons de Qualit\u00e9","article_modified_time":"2021-05-17T13:19:44+00:00","twitter_card":"summary_large_image","schema":{"@context":"https:\/\/schema.org","@graph":[{"@type":"WebPage","@id":"https:\/\/www.maisons-qualite.com\/association\/partenaires","url":"https:\/\/www.maisons-qualite.com\/association\/partenaires","name":"Les partenaires engag\u00e9s de l'Association Maisons de Qualit\u00e9","isPartOf":{"@id":"https:\/\/www.maisons-qualite.com\/association\/#website"},"datePublished":"2021-04-29T12:17:28+00:00","dateModified":"2021-05-17T13:19:44+00:00","description":"Les partenaires publics et priv\u00e9s apportent leur expertise, leurs innovations et leur soutien financier \u00e0 l\u2019Association. Ils partagent et soutiennent la vision soci\u00e9tale de l\u2019Association et contribuent \u00e0 l\u2019animation de son \u00e9cosyst\u00e8me.","breadcrumb":{"@id":"https:\/\/www.maisons-qualite.com\/association\/partenaires#breadcrumb"},"inLanguage":"fr-FR","potentialAction":[{"@type":"ReadAction","target":["https:\/\/www.maisons-qualite.com\/association\/partenaires"]}]},{"@type":"BreadcrumbList","@id":"https:\/\/www.maisons-qualite.com\/association\/partenaires#breadcrumb","itemListElement":[{"@type":"ListItem","position":1,"name":"Accueil","item":"https:\/\/www.maisons-qualite.com\/association\/"},{"@type":"ListItem","position":2,"name":"Nos partenaires engag\u00e9s"}]},{"@type":"WebSite","@id":"https:\/\/www.maisons-qualite.com\/association\/#website","url":"https:\/\/www.maisons-qualite.com\/association\/","name":"Association Maisons de Qualit\u00e9","description":"Ensemble avec la Terre, notre seule Maison","potentialAction":[{"@type":"SearchAction","target":{"@type":"EntryPoint","urlTemplate":"https:\/\/www.maisons-qualite.com\/association\/?s={search_term_string}"},"query-input":{"@type":"PropertyValueSpecification","valueRequired":true,"valueName":"search_term_string"}}],"inLanguage":"fr-FR"}]}},"_links":{"self":[{"href":"https:\/\/www.maisons-qualite.com\/association\/wp-json\/wp\/v2\/pages\/630","targetHints":{"allow":["GET"]}}],"collection":[{"href":"https:\/\/www.maisons-qualite.com\/association\/wp-json\/wp\/v2\/pages"}],"about":[{"href":"https:\/\/www.maisons-qualite.com\/association\/wp-json\/wp\/v2\/types\/page"}],"author":[{"embeddable":true,"href":"https:\/\/www.maisons-qualite.com\/association\/wp-json\/wp\/v2\/users\/2"}],"replies":[{"embeddable":true,"href":"https:\/\/www.maisons-qualite.com\/association\/wp-json\/wp\/v2\/comments?post=630"}],"version-history":[{"count":5,"href":"https:\/\/www.maisons-qualite.com\/association\/wp-json\/wp\/v2\/pages\/630\/revisions"}],"predecessor-version":[{"id":655,"href":"https:\/\/www.maisons-qualite.com\/association\/wp-json\/wp\/v2\/pages\/630\/revisions\/655"}],"wp:attachment":[{"href":"https:\/\/www.maisons-qualite.com\/association\/wp-json\/wp\/v2\/media?parent=630"}],"curies":[{"name":"wp","href":"https:\/\/api.w.org\/{rel}","templated":true}]}}